{"id":1182,"date":"2025-08-05T19:06:00","date_gmt":"2025-08-05T17:06:00","guid":{"rendered":"https:\/\/discoversoydev.wpenginepowered.com\/condiciones-de-uso\/"},"modified":"2025-08-20T09:17:47","modified_gmt":"2025-08-20T07:17:47","slug":"condiciones-de-uso","status":"publish","type":"page","link":"https:\/\/discoversoy.org\/es\/condiciones-de-uso\/","title":{"rendered":"Condiciones de uso"},"content":{"rendered":"<section class=\"l-section wpb_row us_custom_14251cfc height_auto\"><div class=\"l-section-h i-cf\"><div class=\"g-cols vc_row via_grid cols_1 laptops-cols_inherit tablets-cols_inherit mobiles-cols_1 valign_top type_default stacking_default\"><div class=\"wpb_column vc_column_container\"><div class=\"vc_column-inner\"><nav class=\"g-breadcrumbs separator_icon align_none\" itemscope itemtype=\"http:\/\/schema.org\/BreadcrumbList\"><div class=\"g-breadcrumbs-item\" itemscope itemprop=\"itemListElement\" itemtype=\"http:\/\/schema.org\/ListItem\"><a itemprop=\"item\" href=\"https:\/\/discoversoy.org\/es\/\"><span itemprop=\"name\">Inicio<\/span><\/a><meta itemprop=\"position\" content=\"1\"\/><\/div><div class=\"g-breadcrumbs-separator\"><i class=\"far fa-angle-right\"><\/i><\/div><div class=\"g-breadcrumbs-item\">P\u00e1ginas<\/div><\/nav><\/div><\/div><\/div><\/div><\/section><section class=\"l-section wpb_row us_custom_887a049b height_large\"><div class=\"l-section-h i-cf\"><div class=\"g-cols vc_row via_grid cols_2 laptops-cols_inherit tablets-cols_inherit mobiles-cols_1 valign_top type_default stacking_default\"><div class=\"wpb_column vc_column_container\"><div class=\"vc_column-inner\"><h1 class=\"w-text us_custom_0bd5c885\"><span class=\"w-text-h\"><span class=\"w-text-value\">Condiciones de uso<\/span><\/span><\/h1><\/div><\/div><div class=\"wpb_column vc_column_container\"><div class=\"vc_column-inner\"><div class=\"wpb_text_column\"><div class=\"wpb_wrapper\"><p>Bienvenido a discoversoy.org (\u00abnosotros\u00bb, \u00abnuestro\u00bb o \u00abnos\u00bb). Estos T\u00e9rminos de uso (\u201cT\u00e9rminos\u201d) rigen su acceso y uso de nuestro sitio web y cualquier servicio, contenido, caracter\u00edstica o aplicaci\u00f3n ofrecidos (colectivamente, el \u201cServicio\u201d). Al acceder a nuestro Servicio o utilizarlo, acepta cumplir y estar sujeto a estos T\u00e9rminos. Si no est\u00e1 de acuerdo con estos T\u00e9rminos, no puede utilizar el Servicio.<\/p>\n<\/div><\/div><div class=\"w-separator size_small with_line width_default thick_1 style_solid color_secondary align_center\"><div class=\"w-separator-h\"><\/div><\/div><div class=\"wpb_text_column\"><div class=\"wpb_wrapper\"><h4>1. Aceptaci\u00f3n de las condiciones<\/h4>\n<p>Al acceder a nuestro sitio web o utilizarlo, confirma que tiene al menos la mayor\u00eda de edad en su jurisdicci\u00f3n y que acepta estar legalmente obligado por estos T\u00e9rminos. Es posible que actualicemos estos T\u00e9rminos de vez en cuando sin previo aviso, y su uso continuado del sitio constituye la aceptaci\u00f3n de dichos cambios.<\/p>\n<\/div><\/div><div class=\"w-separator size_small with_line width_default thick_1 style_solid color_secondary align_center\"><div class=\"w-separator-h\"><\/div><\/div><div class=\"wpb_text_column\"><div class=\"wpb_wrapper\"><h4>2. Uso permitido<\/h4>\n<p>Acepta utilizar este sitio web solo para fines legales y de una manera que no infrinja los derechos de, restrinja o inhiba el uso del sitio por parte de terceros.<\/p>\n<p>No puede:<\/p>\n<ul>\n<li>Utilizar el sitio web para cualquier prop\u00f3sito fraudulento o ilegal.<\/li>\n<li>Interferir con el funcionamiento del sitio web o introducir c\u00f3digo malicioso.<\/li>\n<li>Intentar obtener acceso no autorizado a cualquier parte del sitio web, servidores o sistemas.<\/li>\n<\/ul>\n<\/div><\/div><div class=\"w-separator size_small with_line width_default thick_1 style_solid color_secondary align_center\"><div class=\"w-separator-h\"><\/div><\/div><div class=\"wpb_text_column\"><div class=\"wpb_wrapper\"><h4>3. Propiedad intelectual<\/h4>\n<p>Todos los contenidos de este sitio web -incluidos textos, im\u00e1genes, gr\u00e1ficos, logotipos, v\u00eddeos y otros materiales- son propiedad de U.S. Soy o de sus licenciantes y est\u00e1n protegidos por las leyes de derechos de autor, marcas registradas y otras leyes de propiedad intelectual.<\/p>\n<p>Puede ver, descargar o imprimir partes del contenido solo para uso personal y no comercial. No puede reproducir, distribuir, modificar o utilizar de otro modo ning\u00fan contenido sin el permiso previo por escrito.<\/p>\n<\/div><\/div><div class=\"w-separator size_small with_line width_default thick_1 style_solid color_secondary align_center\"><div class=\"w-separator-h\"><\/div><\/div><div class=\"wpb_text_column\"><div class=\"wpb_wrapper\"><h4>4. Enlaces de terceros<\/h4>\n<p>Este sitio web puede contener enlaces a sitios web o recursos de terceros. Estos enlaces se proporcionan \u00fanicamente para su comodidad. No tenemos control sobre el contenido o las pr\u00e1cticas de estos sitios de terceros y no aceptamos ninguna responsabilidad por sus acciones o pol\u00edticas.<\/p>\n<\/div><\/div><div class=\"w-separator size_small with_line width_default thick_1 style_solid color_secondary align_center\"><div class=\"w-separator-h\"><\/div><\/div><div class=\"wpb_text_column\"><div class=\"wpb_wrapper\"><h4>5. Descargo de responsabilidad<\/h4>\n<p>El contenido de este sitio web se proporciona \u201ctal cual\u201d y solo para informaci\u00f3n general. Si bien nos esforzamos por mantener la informaci\u00f3n actualizada y precisa, no ofrecemos garant\u00edas, expresas o impl\u00edcitas, sobre la integridad, exactitud, fiabilidad o disponibilidad del contenido.<\/p>\n<\/div><\/div><\/div><\/div><\/div><\/div><\/section>\n","protected":false},"excerpt":{"rendered":"InicioP\u00e1ginasCondiciones de usoBienvenido a discoversoy.org (\u00abnosotros\u00bb, \u00abnuestro\u00bb o \u00abnos\u00bb). Estos T\u00e9rminos de uso (\u201cT\u00e9rminos\u201d) rigen su acceso y uso de nuestro sitio web y cualquier servicio, contenido, caracter\u00edstica o aplicaci\u00f3n ofrecidos (colectivamente, el \u201cServicio\u201d). Al acceder a nuestro Servicio o utilizarlo, acepta cumplir y estar sujeto a estos T\u00e9rminos. Si no est\u00e1 de acuerdo con...","protected":false},"author":2,"featured_media":0,"parent":0,"menu_order":0,"comment_status":"closed","ping_status":"closed","template":"","meta":{"_acf_changed":false,"footnotes":""},"class_list":["post-1182","page","type-page","status-publish","hentry"],"acf":[],"yoast_head":"<!-- This site is optimized with the Yoast SEO plugin v27.4 - https:\/\/yoast.com\/product\/yoast-seo-wordpress\/ -->\n<title>Condiciones de uso - Discover Soy<\/title>\n<meta name=\"robots\" content=\"index, follow, max-snippet:-1, max-image-preview:large, max-video-preview:-1\" \/>\n<link rel=\"canonical\" href=\"https:\/\/discoversoy.org\/es\/condiciones-de-uso\/\" \/>\n<meta property=\"og:locale\" content=\"es_ES\" \/>\n<meta property=\"og:type\" content=\"article\" \/>\n<meta property=\"og:title\" content=\"Condiciones de uso - Discover Soy\" \/>\n<meta property=\"og:url\" content=\"https:\/\/discoversoy.org\/es\/condiciones-de-uso\/\" \/>\n<meta property=\"og:site_name\" content=\"Discover Soy\" \/>\n<meta property=\"article:modified_time\" content=\"2025-08-20T07:17:47+00:00\" \/>\n<meta property=\"og:image\" content=\"https:\/\/discoversoy.org\/wp-content\/uploads\/2025\/08\/cropped-IG-Lock-up.png\" \/>\n\t<meta property=\"og:image:width\" content=\"512\" \/>\n\t<meta property=\"og:image:height\" content=\"512\" \/>\n\t<meta property=\"og:image:type\" content=\"image\/png\" \/>\n<meta name=\"twitter:card\" content=\"summary_large_image\" \/>\n<meta name=\"twitter:label1\" content=\"Est. reading time\" \/>\n\t<meta name=\"twitter:data1\" content=\"3 minutos\" \/>\n<script type=\"application\/ld+json\" class=\"yoast-schema-graph\">{\"@context\":\"https:\\\/\\\/schema.org\",\"@graph\":[{\"@type\":\"WebPage\",\"@id\":\"https:\\\/\\\/discoversoy.org\\\/es\\\/condiciones-de-uso\\\/\",\"url\":\"https:\\\/\\\/discoversoy.org\\\/es\\\/condiciones-de-uso\\\/\",\"name\":\"Condiciones de uso - Discover Soy\",\"isPartOf\":{\"@id\":\"https:\\\/\\\/discoversoy.org\\\/es\\\/#website\"},\"datePublished\":\"2025-08-05T17:06:00+00:00\",\"dateModified\":\"2025-08-20T07:17:47+00:00\",\"breadcrumb\":{\"@id\":\"https:\\\/\\\/discoversoy.org\\\/es\\\/condiciones-de-uso\\\/#breadcrumb\"},\"inLanguage\":\"es\",\"potentialAction\":[{\"@type\":\"ReadAction\",\"target\":[\"https:\\\/\\\/discoversoy.org\\\/es\\\/condiciones-de-uso\\\/\"]}]},{\"@type\":\"BreadcrumbList\",\"@id\":\"https:\\\/\\\/discoversoy.org\\\/es\\\/condiciones-de-uso\\\/#breadcrumb\",\"itemListElement\":[{\"@type\":\"ListItem\",\"position\":1,\"name\":\"Home\",\"item\":\"https:\\\/\\\/discoversoy.org\\\/es\\\/\"},{\"@type\":\"ListItem\",\"position\":2,\"name\":\"Condiciones de uso\"}]},{\"@type\":\"WebSite\",\"@id\":\"https:\\\/\\\/discoversoy.org\\\/es\\\/#website\",\"url\":\"https:\\\/\\\/discoversoy.org\\\/es\\\/\",\"name\":\"Discover Soy\",\"description\":\"\",\"publisher\":{\"@id\":\"https:\\\/\\\/discoversoy.org\\\/es\\\/#organization\"},\"potentialAction\":[{\"@type\":\"SearchAction\",\"target\":{\"@type\":\"EntryPoint\",\"urlTemplate\":\"https:\\\/\\\/discoversoy.org\\\/es\\\/?s={search_term_string}\"},\"query-input\":{\"@type\":\"PropertyValueSpecification\",\"valueRequired\":true,\"valueName\":\"search_term_string\"}}],\"inLanguage\":\"es\"},{\"@type\":\"Organization\",\"@id\":\"https:\\\/\\\/discoversoy.org\\\/es\\\/#organization\",\"name\":\"Discover Soy\",\"url\":\"https:\\\/\\\/discoversoy.org\\\/es\\\/\",\"logo\":{\"@type\":\"ImageObject\",\"inLanguage\":\"es\",\"@id\":\"https:\\\/\\\/discoversoy.org\\\/es\\\/#\\\/schema\\\/logo\\\/image\\\/\",\"url\":\"https:\\\/\\\/discoversoy.org\\\/wp-content\\\/uploads\\\/2025\\\/08\\\/cropped-IG-Lock-up.png\",\"contentUrl\":\"https:\\\/\\\/discoversoy.org\\\/wp-content\\\/uploads\\\/2025\\\/08\\\/cropped-IG-Lock-up.png\",\"width\":512,\"height\":512,\"caption\":\"Discover Soy\"},\"image\":{\"@id\":\"https:\\\/\\\/discoversoy.org\\\/es\\\/#\\\/schema\\\/logo\\\/image\\\/\"},\"sameAs\":[\"https:\\\/\\\/www.instagram.com\\\/discoversoy\\\/\"]}]}<\/script>\n<!-- \/ Yoast SEO plugin. -->","yoast_head_json":{"title":"Condiciones de uso - Discover Soy","robots":{"index":"index","follow":"follow","max-snippet":"max-snippet:-1","max-image-preview":"max-image-preview:large","max-video-preview":"max-video-preview:-1"},"canonical":"https:\/\/discoversoy.org\/es\/condiciones-de-uso\/","og_locale":"es_ES","og_type":"article","og_title":"Condiciones de uso - Discover Soy","og_url":"https:\/\/discoversoy.org\/es\/condiciones-de-uso\/","og_site_name":"Discover Soy","article_modified_time":"2025-08-20T07:17:47+00:00","og_image":[{"width":512,"height":512,"url":"https:\/\/discoversoy.org\/wp-content\/uploads\/2025\/08\/cropped-IG-Lock-up.png","type":"image\/png"}],"twitter_card":"summary_large_image","twitter_misc":{"Est. reading time":"3 minutos"},"schema":{"@context":"https:\/\/schema.org","@graph":[{"@type":"WebPage","@id":"https:\/\/discoversoy.org\/es\/condiciones-de-uso\/","url":"https:\/\/discoversoy.org\/es\/condiciones-de-uso\/","name":"Condiciones de uso - Discover Soy","isPartOf":{"@id":"https:\/\/discoversoy.org\/es\/#website"},"datePublished":"2025-08-05T17:06:00+00:00","dateModified":"2025-08-20T07:17:47+00:00","breadcrumb":{"@id":"https:\/\/discoversoy.org\/es\/condiciones-de-uso\/#breadcrumb"},"inLanguage":"es","potentialAction":[{"@type":"ReadAction","target":["https:\/\/discoversoy.org\/es\/condiciones-de-uso\/"]}]},{"@type":"BreadcrumbList","@id":"https:\/\/discoversoy.org\/es\/condiciones-de-uso\/#breadcrumb","itemListElement":[{"@type":"ListItem","position":1,"name":"Home","item":"https:\/\/discoversoy.org\/es\/"},{"@type":"ListItem","position":2,"name":"Condiciones de uso"}]},{"@type":"WebSite","@id":"https:\/\/discoversoy.org\/es\/#website","url":"https:\/\/discoversoy.org\/es\/","name":"Discover Soy","description":"","publisher":{"@id":"https:\/\/discoversoy.org\/es\/#organization"},"potentialAction":[{"@type":"SearchAction","target":{"@type":"EntryPoint","urlTemplate":"https:\/\/discoversoy.org\/es\/?s={search_term_string}"},"query-input":{"@type":"PropertyValueSpecification","valueRequired":true,"valueName":"search_term_string"}}],"inLanguage":"es"},{"@type":"Organization","@id":"https:\/\/discoversoy.org\/es\/#organization","name":"Discover Soy","url":"https:\/\/discoversoy.org\/es\/","logo":{"@type":"ImageObject","inLanguage":"es","@id":"https:\/\/discoversoy.org\/es\/#\/schema\/logo\/image\/","url":"https:\/\/discoversoy.org\/wp-content\/uploads\/2025\/08\/cropped-IG-Lock-up.png","contentUrl":"https:\/\/discoversoy.org\/wp-content\/uploads\/2025\/08\/cropped-IG-Lock-up.png","width":512,"height":512,"caption":"Discover Soy"},"image":{"@id":"https:\/\/discoversoy.org\/es\/#\/schema\/logo\/image\/"},"sameAs":["https:\/\/www.instagram.com\/discoversoy\/"]}]}},"_links":{"self":[{"href":"https:\/\/discoversoy.org\/es\/wp-json\/wp\/v2\/pages\/1182","targetHints":{"allow":["GET"]}}],"collection":[{"href":"https:\/\/discoversoy.org\/es\/wp-json\/wp\/v2\/pages"}],"about":[{"href":"https:\/\/discoversoy.org\/es\/wp-json\/wp\/v2\/types\/page"}],"author":[{"embeddable":true,"href":"https:\/\/discoversoy.org\/es\/wp-json\/wp\/v2\/users\/2"}],"replies":[{"embeddable":true,"href":"https:\/\/discoversoy.org\/es\/wp-json\/wp\/v2\/comments?post=1182"}],"version-history":[{"count":0,"href":"https:\/\/discoversoy.org\/es\/wp-json\/wp\/v2\/pages\/1182\/revisions"}],"wp:attachment":[{"href":"https:\/\/discoversoy.org\/es\/wp-json\/wp\/v2\/media?parent=1182"}],"curies":[{"name":"wp","href":"https:\/\/api.w.org\/{rel}","templated":true}]}}