{"id":1179,"date":"2025-08-05T19:19:23","date_gmt":"2025-08-05T17:19:23","guid":{"rendered":"https:\/\/discoversoydev.wpenginepowered.com\/contacte-con-nosotros\/"},"modified":"2025-08-14T16:44:49","modified_gmt":"2025-08-14T14:44:49","slug":"contacte-con-nosotros","status":"publish","type":"page","link":"https:\/\/discoversoy.org\/es\/contacte-con-nosotros\/","title":{"rendered":"Contacte con nosotros"},"content":{"rendered":"<section class=\"l-section wpb_row us_custom_14251cfc height_auto\"><div class=\"l-section-h i-cf\"><div class=\"g-cols vc_row via_grid cols_1 laptops-cols_inherit tablets-cols_inherit mobiles-cols_1 valign_top type_default stacking_default\"><div class=\"wpb_column vc_column_container\"><div class=\"vc_column-inner\"><nav class=\"g-breadcrumbs separator_icon align_none\" itemscope itemtype=\"http:\/\/schema.org\/BreadcrumbList\"><div class=\"g-breadcrumbs-item\" itemscope itemprop=\"itemListElement\" itemtype=\"http:\/\/schema.org\/ListItem\"><a itemprop=\"item\" href=\"https:\/\/discoversoy.org\/es\/\"><span itemprop=\"name\">Inicio<\/span><\/a><meta itemprop=\"position\" content=\"1\"\/><\/div><div class=\"g-breadcrumbs-separator\"><i class=\"far fa-angle-right\"><\/i><\/div><div class=\"g-breadcrumbs-item\">P\u00e1ginas<\/div><\/nav><\/div><\/div><\/div><\/div><\/section><section class=\"l-section wpb_row us_custom_887a049b height_large\"><div class=\"l-section-h i-cf\"><div class=\"g-cols vc_row via_grid cols_2 laptops-cols_inherit tablets-cols_inherit mobiles-cols_1 valign_top type_default stacking_default\"><div class=\"wpb_column vc_column_container\"><div class=\"vc_column-inner\"><h1 class=\"w-text us_custom_0bd5c885\"><span class=\"w-text-h\"><span class=\"w-text-value\">Contacte con nosotros<\/span><\/span><\/h1><\/div><\/div><div class=\"wpb_column vc_column_container\"><div class=\"vc_column-inner\"><div class=\"wpb_text_column .intro-cf7\"><div class=\"wpb_wrapper\"><p>\u00a1Gracias por visitar nuestro sitio! Si tiene alguna pregunta, comentario o necesita ayuda, no dude en ponerse en contacto con nosotros. \u00a1Estamos aqu\u00ed para ayudarte! Puede contactarnos a trav\u00e9s de nuestro correo electr\u00f3nico o rellenando el formulario en esta p\u00e1gina. \u00a1Esperamos tener noticias suyas!<\/p>\n<\/div><\/div><div class=\"w-separator size_small\"><\/div>\n<div class=\"wpcf7 no-js us-field-style_3\" id=\"wpcf7-f1223-o1\" lang=\"es-ES\" dir=\"ltr\" data-wpcf7-id=\"1223\">\n<div class=\"screen-reader-response\"><p role=\"status\" aria-live=\"polite\" aria-atomic=\"true\"><\/p> <ul><\/ul><\/div>\n<form action=\"\/es\/wp-json\/wp\/v2\/pages\/1179#wpcf7-f1223-o1\" method=\"post\" class=\"wpcf7-form init\" aria-label=\"Contact form\" novalidate=\"novalidate\" data-status=\"init\">\n<fieldset class=\"hidden-fields-container\"><input type=\"hidden\" name=\"_wpcf7\" value=\"1223\" \/><input type=\"hidden\" name=\"_wpcf7_version\" value=\"6.1.5\" \/><input type=\"hidden\" name=\"_wpcf7_locale\" value=\"es_ES\" \/><input type=\"hidden\" name=\"_wpcf7_unit_tag\" value=\"wpcf7-f1223-o1\" \/><input type=\"hidden\" name=\"_wpcf7_container_post\" value=\"0\" \/><input type=\"hidden\" name=\"_wpcf7_posted_data_hash\" value=\"\" \/>\n<\/fieldset>\n<div class=\"cf7-wrap wpcf7-form\">\n\t<div class=\"cf7-fields\">\n\t\t<div class=\"cf7-two-cols\">\n\t\t\t<p><label>NOMBRE*<br \/>\n<span class=\"wpcf7-form-control-wrap\" data-name=\"first-name\"><input size=\"40\" maxlength=\"400\" class=\"wpcf7-form-control wpcf7-text wpcf7-validates-as-required\" aria-required=\"true\" aria-invalid=\"false\" placeholder=\"John\" value=\"\" type=\"text\" name=\"first-name\" \/><\/span><br \/>\n<\/label>\n\t\t\t<\/p>\n\t\t\t<p><label class=\"lastname\">APELLIDO*<br \/>\n<span class=\"wpcf7-form-control-wrap\" data-name=\"last-name\"><input size=\"40\" maxlength=\"400\" class=\"wpcf7-form-control wpcf7-text wpcf7-validates-as-required\" aria-required=\"true\" aria-invalid=\"false\" placeholder=\"Doe&lt;br&gt;\" value=\"\" type=\"text\" name=\"last-name\" \/><\/span><br \/>\n<\/label>\n\t\t\t<\/p>\n\t\t<\/div>\n\t\t<p><label>EMAIL*<br \/>\n<span class=\"wpcf7-form-control-wrap\" data-name=\"your-email\"><input size=\"40\" maxlength=\"400\" class=\"wpcf7-form-control wpcf7-email wpcf7-validates-as-required wpcf7-text wpcf7-validates-as-email\" aria-required=\"true\" aria-invalid=\"false\" placeholder=\"&lt;br&gt;p.ej. john@email.com\" value=\"\" type=\"email\" name=\"your-email\" \/><\/span><br \/>\n<\/label>\n\t\t<\/p>\n\t\t<p><label class=\"textarea\">SU MENSAJE<br \/>\n<span class=\"wpcf7-form-control-wrap\" data-name=\"your-message\"><textarea cols=\"40\" rows=\"10\" maxlength=\"2000\" class=\"wpcf7-form-control wpcf7-textarea\" aria-invalid=\"false\" placeholder=\"Escriba aqu\u00ed su mensaje\" name=\"your-message\"><\/textarea><\/span><br \/>\n<\/label>\n\t\t<\/p>\n\t\t<p><input class=\"wpcf7-form-control wpcf7-submit has-spinner\" type=\"submit\" value=\"Enviar ahora\" \/>\n\t\t<\/p>\n\t<\/div>\n<\/div><div class=\"wpcf7-response-output\" aria-hidden=\"true\"><\/div>\n<\/form>\n<\/div>\n<div class=\"w-html\"><div class=\"cf7-success\" aria-live=\"polite\" hidden=\"\">\n  <div class=\"cf7-success-card\">\n    <span class=\"cf7-success-icon\" aria-hidden=\"true\"><img decoding=\"async\" src=\"\/wp-content\/uploads\/2025\/08\/circle-check.svg\"><\/span>\n    <h3 class=\"cf7-success-title\">Gracias. Lo tenemos desde aqu\u00ed <\/h3>\n    <p class=\"cf7-success-sub\">Un miembro de nuestro equipo se pondr\u00e1 en contacto con usted en breve.<\/p>\n  <\/div>\n<\/div>\n<\/div><\/div><\/div><\/div><\/div><\/section>\n","protected":false},"excerpt":{"rendered":"InicioP\u00e1ginasContacte con nosotros\u00a1Gracias por visitar nuestro sitio! Si tiene alguna pregunta, comentario o necesita ayuda, no dude en ponerse en contacto con nosotros. \u00a1Estamos aqu\u00ed para ayudarte! Puede contactarnos a trav\u00e9s de nuestro correo electr\u00f3nico o rellenando el formulario en esta p\u00e1gina. \u00a1Esperamos tener noticias suyas! NOMBRE* APELLIDO* EMAIL* SU MENSAJE Gracias. Lo tenemos desde...","protected":false},"author":2,"featured_media":0,"parent":0,"menu_order":0,"comment_status":"closed","ping_status":"closed","template":"","meta":{"_acf_changed":false,"footnotes":""},"class_list":["post-1179","page","type-page","status-publish","hentry"],"acf":[],"yoast_head":"<!-- This site is optimized with the Yoast SEO plugin v27.4 - https:\/\/yoast.com\/product\/yoast-seo-wordpress\/ -->\n<title>Contacte con nosotros - Discover Soy<\/title>\n<meta name=\"robots\" content=\"index, follow, max-snippet:-1, max-image-preview:large, max-video-preview:-1\" \/>\n<link rel=\"canonical\" href=\"https:\/\/discoversoy.org\/es\/contacte-con-nosotros\/\" \/>\n<meta property=\"og:locale\" content=\"es_ES\" \/>\n<meta property=\"og:type\" content=\"article\" \/>\n<meta property=\"og:title\" content=\"Contacte con nosotros - Discover Soy\" \/>\n<meta property=\"og:url\" content=\"https:\/\/discoversoy.org\/es\/contacte-con-nosotros\/\" \/>\n<meta property=\"og:site_name\" content=\"Discover Soy\" \/>\n<meta property=\"article:modified_time\" content=\"2025-08-14T14:44:49+00:00\" \/>\n<meta property=\"og:image\" content=\"https:\/\/discoversoy.org\/wp-content\/uploads\/2025\/08\/cropped-IG-Lock-up.png\" \/>\n\t<meta property=\"og:image:width\" content=\"512\" \/>\n\t<meta property=\"og:image:height\" content=\"512\" \/>\n\t<meta property=\"og:image:type\" content=\"image\/png\" \/>\n<meta name=\"twitter:card\" content=\"summary_large_image\" \/>\n<meta name=\"twitter:label1\" content=\"Est. reading time\" \/>\n\t<meta name=\"twitter:data1\" content=\"1 minuto\" \/>\n<script type=\"application\/ld+json\" class=\"yoast-schema-graph\">{\"@context\":\"https:\\\/\\\/schema.org\",\"@graph\":[{\"@type\":\"WebPage\",\"@id\":\"https:\\\/\\\/discoversoy.org\\\/es\\\/contacte-con-nosotros\\\/\",\"url\":\"https:\\\/\\\/discoversoy.org\\\/es\\\/contacte-con-nosotros\\\/\",\"name\":\"Contacte con nosotros - Discover Soy\",\"isPartOf\":{\"@id\":\"https:\\\/\\\/discoversoy.org\\\/es\\\/#website\"},\"datePublished\":\"2025-08-05T17:19:23+00:00\",\"dateModified\":\"2025-08-14T14:44:49+00:00\",\"breadcrumb\":{\"@id\":\"https:\\\/\\\/discoversoy.org\\\/es\\\/contacte-con-nosotros\\\/#breadcrumb\"},\"inLanguage\":\"es\",\"potentialAction\":[{\"@type\":\"ReadAction\",\"target\":[\"https:\\\/\\\/discoversoy.org\\\/es\\\/contacte-con-nosotros\\\/\"]}]},{\"@type\":\"BreadcrumbList\",\"@id\":\"https:\\\/\\\/discoversoy.org\\\/es\\\/contacte-con-nosotros\\\/#breadcrumb\",\"itemListElement\":[{\"@type\":\"ListItem\",\"position\":1,\"name\":\"Home\",\"item\":\"https:\\\/\\\/discoversoy.org\\\/es\\\/\"},{\"@type\":\"ListItem\",\"position\":2,\"name\":\"Contacte con nosotros\"}]},{\"@type\":\"WebSite\",\"@id\":\"https:\\\/\\\/discoversoy.org\\\/es\\\/#website\",\"url\":\"https:\\\/\\\/discoversoy.org\\\/es\\\/\",\"name\":\"Discover Soy\",\"description\":\"\",\"publisher\":{\"@id\":\"https:\\\/\\\/discoversoy.org\\\/es\\\/#organization\"},\"potentialAction\":[{\"@type\":\"SearchAction\",\"target\":{\"@type\":\"EntryPoint\",\"urlTemplate\":\"https:\\\/\\\/discoversoy.org\\\/es\\\/?s={search_term_string}\"},\"query-input\":{\"@type\":\"PropertyValueSpecification\",\"valueRequired\":true,\"valueName\":\"search_term_string\"}}],\"inLanguage\":\"es\"},{\"@type\":\"Organization\",\"@id\":\"https:\\\/\\\/discoversoy.org\\\/es\\\/#organization\",\"name\":\"Discover Soy\",\"url\":\"https:\\\/\\\/discoversoy.org\\\/es\\\/\",\"logo\":{\"@type\":\"ImageObject\",\"inLanguage\":\"es\",\"@id\":\"https:\\\/\\\/discoversoy.org\\\/es\\\/#\\\/schema\\\/logo\\\/image\\\/\",\"url\":\"https:\\\/\\\/discoversoy.org\\\/wp-content\\\/uploads\\\/2025\\\/08\\\/cropped-IG-Lock-up.png\",\"contentUrl\":\"https:\\\/\\\/discoversoy.org\\\/wp-content\\\/uploads\\\/2025\\\/08\\\/cropped-IG-Lock-up.png\",\"width\":512,\"height\":512,\"caption\":\"Discover Soy\"},\"image\":{\"@id\":\"https:\\\/\\\/discoversoy.org\\\/es\\\/#\\\/schema\\\/logo\\\/image\\\/\"},\"sameAs\":[\"https:\\\/\\\/www.instagram.com\\\/discoversoy\\\/\"]}]}<\/script>\n<!-- \/ Yoast SEO plugin. -->","yoast_head_json":{"title":"Contacte con nosotros - Discover Soy","robots":{"index":"index","follow":"follow","max-snippet":"max-snippet:-1","max-image-preview":"max-image-preview:large","max-video-preview":"max-video-preview:-1"},"canonical":"https:\/\/discoversoy.org\/es\/contacte-con-nosotros\/","og_locale":"es_ES","og_type":"article","og_title":"Contacte con nosotros - Discover Soy","og_url":"https:\/\/discoversoy.org\/es\/contacte-con-nosotros\/","og_site_name":"Discover Soy","article_modified_time":"2025-08-14T14:44:49+00:00","og_image":[{"width":512,"height":512,"url":"https:\/\/discoversoy.org\/wp-content\/uploads\/2025\/08\/cropped-IG-Lock-up.png","type":"image\/png"}],"twitter_card":"summary_large_image","twitter_misc":{"Est. reading time":"1 minuto"},"schema":{"@context":"https:\/\/schema.org","@graph":[{"@type":"WebPage","@id":"https:\/\/discoversoy.org\/es\/contacte-con-nosotros\/","url":"https:\/\/discoversoy.org\/es\/contacte-con-nosotros\/","name":"Contacte con nosotros - Discover Soy","isPartOf":{"@id":"https:\/\/discoversoy.org\/es\/#website"},"datePublished":"2025-08-05T17:19:23+00:00","dateModified":"2025-08-14T14:44:49+00:00","breadcrumb":{"@id":"https:\/\/discoversoy.org\/es\/contacte-con-nosotros\/#breadcrumb"},"inLanguage":"es","potentialAction":[{"@type":"ReadAction","target":["https:\/\/discoversoy.org\/es\/contacte-con-nosotros\/"]}]},{"@type":"BreadcrumbList","@id":"https:\/\/discoversoy.org\/es\/contacte-con-nosotros\/#breadcrumb","itemListElement":[{"@type":"ListItem","position":1,"name":"Home","item":"https:\/\/discoversoy.org\/es\/"},{"@type":"ListItem","position":2,"name":"Contacte con nosotros"}]},{"@type":"WebSite","@id":"https:\/\/discoversoy.org\/es\/#website","url":"https:\/\/discoversoy.org\/es\/","name":"Discover Soy","description":"","publisher":{"@id":"https:\/\/discoversoy.org\/es\/#organization"},"potentialAction":[{"@type":"SearchAction","target":{"@type":"EntryPoint","urlTemplate":"https:\/\/discoversoy.org\/es\/?s={search_term_string}"},"query-input":{"@type":"PropertyValueSpecification","valueRequired":true,"valueName":"search_term_string"}}],"inLanguage":"es"},{"@type":"Organization","@id":"https:\/\/discoversoy.org\/es\/#organization","name":"Discover Soy","url":"https:\/\/discoversoy.org\/es\/","logo":{"@type":"ImageObject","inLanguage":"es","@id":"https:\/\/discoversoy.org\/es\/#\/schema\/logo\/image\/","url":"https:\/\/discoversoy.org\/wp-content\/uploads\/2025\/08\/cropped-IG-Lock-up.png","contentUrl":"https:\/\/discoversoy.org\/wp-content\/uploads\/2025\/08\/cropped-IG-Lock-up.png","width":512,"height":512,"caption":"Discover Soy"},"image":{"@id":"https:\/\/discoversoy.org\/es\/#\/schema\/logo\/image\/"},"sameAs":["https:\/\/www.instagram.com\/discoversoy\/"]}]}},"_links":{"self":[{"href":"https:\/\/discoversoy.org\/es\/wp-json\/wp\/v2\/pages\/1179","targetHints":{"allow":["GET"]}}],"collection":[{"href":"https:\/\/discoversoy.org\/es\/wp-json\/wp\/v2\/pages"}],"about":[{"href":"https:\/\/discoversoy.org\/es\/wp-json\/wp\/v2\/types\/page"}],"author":[{"embeddable":true,"href":"https:\/\/discoversoy.org\/es\/wp-json\/wp\/v2\/users\/2"}],"replies":[{"embeddable":true,"href":"https:\/\/discoversoy.org\/es\/wp-json\/wp\/v2\/comments?post=1179"}],"version-history":[{"count":0,"href":"https:\/\/discoversoy.org\/es\/wp-json\/wp\/v2\/pages\/1179\/revisions"}],"wp:attachment":[{"href":"https:\/\/discoversoy.org\/es\/wp-json\/wp\/v2\/media?parent=1179"}],"curies":[{"name":"wp","href":"https:\/\/api.w.org\/{rel}","templated":true}]}}